{"id":239,"date":"2023-05-27T02:52:58","date_gmt":"2023-05-27T00:52:58","guid":{"rendered":"http:\/\/taekwondoteyran.fr\/?page_id=239"},"modified":"2023-06-18T00:49:44","modified_gmt":"2023-06-17T22:49:44","slug":"historique-du-club","status":"publish","type":"page","link":"https:\/\/taekwondoteyran.fr\/index.php\/le-club\/historique-du-club\/","title":{"rendered":"Historique du club"},"content":{"rendered":"\n<h4 class=\"wp-block-heading has-text-align-center\">Pr\u00e9sentation du club<\/h4>\n\n\n\n<p>Cr\u00e9\u00e9 en 1997 sous l\u2019impulsion de Francis Four\u00e8s et de son ami Alexandre Sanrey, le club Taekwondo Teyran est une association r\u00e9gie par la loi 1901, \u00e0 but non lucratif affili\u00e9e \u00e0 la F\u00e9d\u00e9ration Fran\u00e7aise de Taekwondo et Disciplines Associ\u00e9es. Notre objectif est de faire d\u00e9couvrir cet art martial cor\u00e9en, en sport-loisir ou en comp\u00e9tition, tout en diffusant des valeurs de convivialit\u00e9, de pers\u00e9v\u00e9rance et de tol\u00e9rance.<\/p>\n\n\n\n<p>Chaque ann\u00e9e, le club propose \u00e0 ses adh\u00e9rents les plus motiv\u00e9s de participer aux s\u00e9lections des Championnats r\u00e9gionaux et nationaux, mais \u00e9galement \u00e0 diff\u00e9rents \u00e9v\u00e9nements organis\u00e9s dans la r\u00e9gion montpelli\u00e9raine : stages de perfectionnement anim\u00e9s par des experts de renomm\u00e9e internationale, rencontres amicales, sans oublier les animations festives du club.<\/p>\n\n\n\n<p>Depuis sa cr\u00e9ation, notre association a form\u00e9 plus de 30 ceintures noires ainsi que des champions nationaux et r\u00e9gionaux.<\/p>\n\n\n\n<p>Notre objectif est de permettre \u00e0 chaque adh\u00e9rent de 5 \u00e0 99 ans de trouver l\u2019\u00e9quilibre dans la pratique d\u2019un loisir, d\u2019un sport ou d\u2019un art martial, et ce quel que soit son niveau, ses capacit\u00e9s et son \u00e2ge.<\/p>\n\n\n\n<h4 class=\"wp-block-heading has-text-align-center\">Les disciplines associ\u00e9es<\/h4>\n\n\n\n<p>Depuis plus de 10 ans, la pratique du Taekwondo au club est compl\u00e9t\u00e9e par une offre de disciplines associ\u00e9es\u00a0: <a href=\"https:\/\/taekwondoteyran.fr\/index.php\/disciplines\/hapkimudo\/\" data-type=\"page\" data-id=\"252\"><strong>Hapkimudo<\/strong><\/a> et <a href=\"https:\/\/taekwondoteyran.fr\/index.php\/disciplines\/taekwonform\/\" data-type=\"page\" data-id=\"259\"><strong>Taekwonform<\/strong><\/a>.<\/p>\n","protected":false},"excerpt":{"rendered":"<p>Pr\u00e9sentation du club Cr\u00e9\u00e9 en 1997 sous l\u2019impulsion de Francis Four\u00e8s et de son ami Alexandre Sanrey, le club Taekwondo Teyran est une association r\u00e9gie par la loi 1901, \u00e0 but non lucratif affili\u00e9e \u00e0 la F\u00e9d\u00e9ration Fran\u00e7aise de Taekwondo et Disciplines Associ\u00e9es. Notre objectif est de faire d\u00e9couvrir cet art martial cor\u00e9en, en sport-loisir [&hellip;]<\/p>\n","protected":false},"author":1,"featured_media":296,"parent":236,"menu_order":0,"comment_status":"closed","ping_status":"closed","template":"","meta":{"footnotes":""},"class_list":["post-239","page","type-page","status-publish","has-post-thumbnail","hentry"],"yoast_head":"<!-- This site is optimized with the Yoast SEO plugin v27.3 - https:\/\/yoast.com\/product\/yoast-seo-wordpress\/ -->\n<title>Historique du club - Taekwondo Teyran<\/title>\n<meta name=\"robots\" content=\"index, follow, max-snippet:-1, max-image-preview:large, max-video-preview:-1\" \/>\n<link rel=\"canonical\" href=\"https:\/\/taekwondoteyran.fr\/index.php\/le-club\/historique-du-club\/\" \/>\n<meta property=\"og:locale\" content=\"fr_FR\" \/>\n<meta property=\"og:type\" content=\"article\" \/>\n<meta property=\"og:title\" content=\"Historique du club - Taekwondo Teyran\" \/>\n<meta property=\"og:description\" content=\"Pr\u00e9sentation du club Cr\u00e9\u00e9 en 1997 sous l\u2019impulsion de Francis Four\u00e8s et de son ami Alexandre Sanrey, le club Taekwondo Teyran est une association r\u00e9gie par la loi 1901, \u00e0 but non lucratif affili\u00e9e \u00e0 la F\u00e9d\u00e9ration Fran\u00e7aise de Taekwondo et Disciplines Associ\u00e9es. Notre objectif est de faire d\u00e9couvrir cet art martial cor\u00e9en, en sport-loisir [&hellip;]\" \/>\n<meta property=\"og:url\" content=\"https:\/\/taekwondoteyran.fr\/index.php\/le-club\/historique-du-club\/\" \/>\n<meta property=\"og:site_name\" content=\"Taekwondo Teyran\" \/>\n<meta property=\"article:publisher\" content=\"https:\/\/www.facebook.com\/taekwondoteyran\" \/>\n<meta property=\"article:modified_time\" content=\"2023-06-17T22:49:44+00:00\" \/>\n<meta property=\"og:image\" content=\"https:\/\/taekwondoteyran.fr\/wp-content\/uploads\/2023\/05\/cropped-logo-TKD.jpg\" \/>\n\t<meta property=\"og:image:width\" content=\"960\" \/>\n\t<meta property=\"og:image:height\" content=\"960\" \/>\n\t<meta property=\"og:image:type\" content=\"image\/jpeg\" \/>\n<meta name=\"twitter:card\" content=\"summary_large_image\" \/>\n<meta name=\"twitter:site\" content=\"@taekwondoteyran\" \/>\n<meta name=\"twitter:label1\" content=\"Dur\u00e9e de lecture estim\u00e9e\" \/>\n\t<meta name=\"twitter:data1\" content=\"1 minute\" \/>\n<script type=\"application\/ld+json\" class=\"yoast-schema-graph\">{\"@context\":\"https:\\\/\\\/schema.org\",\"@graph\":[{\"@type\":\"WebPage\",\"@id\":\"https:\\\/\\\/taekwondoteyran.fr\\\/index.php\\\/le-club\\\/historique-du-club\\\/\",\"url\":\"https:\\\/\\\/taekwondoteyran.fr\\\/index.php\\\/le-club\\\/historique-du-club\\\/\",\"name\":\"Historique du club - Taekwondo Teyran\",\"isPartOf\":{\"@id\":\"https:\\\/\\\/taekwondoteyran.fr\\\/#website\"},\"primaryImageOfPage\":{\"@id\":\"https:\\\/\\\/taekwondoteyran.fr\\\/index.php\\\/le-club\\\/historique-du-club\\\/#primaryimage\"},\"image\":{\"@id\":\"https:\\\/\\\/taekwondoteyran.fr\\\/index.php\\\/le-club\\\/historique-du-club\\\/#primaryimage\"},\"thumbnailUrl\":\"https:\\\/\\\/taekwondoteyran.fr\\\/wp-content\\\/uploads\\\/2023\\\/05\\\/cropped-logo-TKD.jpg\",\"datePublished\":\"2023-05-27T00:52:58+00:00\",\"dateModified\":\"2023-06-17T22:49:44+00:00\",\"breadcrumb\":{\"@id\":\"https:\\\/\\\/taekwondoteyran.fr\\\/index.php\\\/le-club\\\/historique-du-club\\\/#breadcrumb\"},\"inLanguage\":\"fr-FR\",\"potentialAction\":[{\"@type\":\"ReadAction\",\"target\":[\"https:\\\/\\\/taekwondoteyran.fr\\\/index.php\\\/le-club\\\/historique-du-club\\\/\"]}]},{\"@type\":\"ImageObject\",\"inLanguage\":\"fr-FR\",\"@id\":\"https:\\\/\\\/taekwondoteyran.fr\\\/index.php\\\/le-club\\\/historique-du-club\\\/#primaryimage\",\"url\":\"https:\\\/\\\/taekwondoteyran.fr\\\/wp-content\\\/uploads\\\/2023\\\/05\\\/cropped-logo-TKD.jpg\",\"contentUrl\":\"https:\\\/\\\/taekwondoteyran.fr\\\/wp-content\\\/uploads\\\/2023\\\/05\\\/cropped-logo-TKD.jpg\",\"width\":960,\"height\":960,\"caption\":\"Logo du club\"},{\"@type\":\"BreadcrumbList\",\"@id\":\"https:\\\/\\\/taekwondoteyran.fr\\\/index.php\\\/le-club\\\/historique-du-club\\\/#breadcrumb\",\"itemListElement\":[{\"@type\":\"ListItem\",\"position\":1,\"name\":\"Accueil\",\"item\":\"https:\\\/\\\/taekwondoteyran.fr\\\/\"},{\"@type\":\"ListItem\",\"position\":2,\"name\":\"Le club\",\"item\":\"https:\\\/\\\/taekwondoteyran.fr\\\/index.php\\\/le-club\\\/\"},{\"@type\":\"ListItem\",\"position\":3,\"name\":\"Historique du club\"}]},{\"@type\":\"WebSite\",\"@id\":\"https:\\\/\\\/taekwondoteyran.fr\\\/#website\",\"url\":\"https:\\\/\\\/taekwondoteyran.fr\\\/\",\"name\":\"Taekwondo Teyran\",\"description\":\"\u00c9duquer, Partager, Motiver\",\"publisher\":{\"@id\":\"https:\\\/\\\/taekwondoteyran.fr\\\/#organization\"},\"alternateName\":\"TKD Teyran\",\"potentialAction\":[{\"@type\":\"SearchAction\",\"target\":{\"@type\":\"EntryPoint\",\"urlTemplate\":\"https:\\\/\\\/taekwondoteyran.fr\\\/?s={search_term_string}\"},\"query-input\":{\"@type\":\"PropertyValueSpecification\",\"valueRequired\":true,\"valueName\":\"search_term_string\"}}],\"inLanguage\":\"fr-FR\"},{\"@type\":\"Organization\",\"@id\":\"https:\\\/\\\/taekwondoteyran.fr\\\/#organization\",\"name\":\"Taekwondo Teyran\",\"alternateName\":\"TKD Teyran\",\"url\":\"https:\\\/\\\/taekwondoteyran.fr\\\/\",\"logo\":{\"@type\":\"ImageObject\",\"inLanguage\":\"fr-FR\",\"@id\":\"https:\\\/\\\/taekwondoteyran.fr\\\/#\\\/schema\\\/logo\\\/image\\\/\",\"url\":\"https:\\\/\\\/taekwondoteyran.fr\\\/wp-content\\\/uploads\\\/2023\\\/05\\\/logo-TKD.jpg\",\"contentUrl\":\"https:\\\/\\\/taekwondoteyran.fr\\\/wp-content\\\/uploads\\\/2023\\\/05\\\/logo-TKD.jpg\",\"width\":960,\"height\":960,\"caption\":\"Taekwondo Teyran\"},\"image\":{\"@id\":\"https:\\\/\\\/taekwondoteyran.fr\\\/#\\\/schema\\\/logo\\\/image\\\/\"},\"sameAs\":[\"https:\\\/\\\/www.facebook.com\\\/taekwondoteyran\",\"https:\\\/\\\/x.com\\\/taekwondoteyran\"]}]}<\/script>\n<!-- \/ Yoast SEO plugin. -->","yoast_head_json":{"title":"Historique du club - Taekwondo Teyran","robots":{"index":"index","follow":"follow","max-snippet":"max-snippet:-1","max-image-preview":"max-image-preview:large","max-video-preview":"max-video-preview:-1"},"canonical":"https:\/\/taekwondoteyran.fr\/index.php\/le-club\/historique-du-club\/","og_locale":"fr_FR","og_type":"article","og_title":"Historique du club - Taekwondo Teyran","og_description":"Pr\u00e9sentation du club Cr\u00e9\u00e9 en 1997 sous l\u2019impulsion de Francis Four\u00e8s et de son ami Alexandre Sanrey, le club Taekwondo Teyran est une association r\u00e9gie par la loi 1901, \u00e0 but non lucratif affili\u00e9e \u00e0 la F\u00e9d\u00e9ration Fran\u00e7aise de Taekwondo et Disciplines Associ\u00e9es. Notre objectif est de faire d\u00e9couvrir cet art martial cor\u00e9en, en sport-loisir [&hellip;]","og_url":"https:\/\/taekwondoteyran.fr\/index.php\/le-club\/historique-du-club\/","og_site_name":"Taekwondo Teyran","article_publisher":"https:\/\/www.facebook.com\/taekwondoteyran","article_modified_time":"2023-06-17T22:49:44+00:00","og_image":[{"width":960,"height":960,"url":"https:\/\/taekwondoteyran.fr\/wp-content\/uploads\/2023\/05\/cropped-logo-TKD.jpg","type":"image\/jpeg"}],"twitter_card":"summary_large_image","twitter_site":"@taekwondoteyran","twitter_misc":{"Dur\u00e9e de lecture estim\u00e9e":"1 minute"},"schema":{"@context":"https:\/\/schema.org","@graph":[{"@type":"WebPage","@id":"https:\/\/taekwondoteyran.fr\/index.php\/le-club\/historique-du-club\/","url":"https:\/\/taekwondoteyran.fr\/index.php\/le-club\/historique-du-club\/","name":"Historique du club - Taekwondo Teyran","isPartOf":{"@id":"https:\/\/taekwondoteyran.fr\/#website"},"primaryImageOfPage":{"@id":"https:\/\/taekwondoteyran.fr\/index.php\/le-club\/historique-du-club\/#primaryimage"},"image":{"@id":"https:\/\/taekwondoteyran.fr\/index.php\/le-club\/historique-du-club\/#primaryimage"},"thumbnailUrl":"https:\/\/taekwondoteyran.fr\/wp-content\/uploads\/2023\/05\/cropped-logo-TKD.jpg","datePublished":"2023-05-27T00:52:58+00:00","dateModified":"2023-06-17T22:49:44+00:00","breadcrumb":{"@id":"https:\/\/taekwondoteyran.fr\/index.php\/le-club\/historique-du-club\/#breadcrumb"},"inLanguage":"fr-FR","potentialAction":[{"@type":"ReadAction","target":["https:\/\/taekwondoteyran.fr\/index.php\/le-club\/historique-du-club\/"]}]},{"@type":"ImageObject","inLanguage":"fr-FR","@id":"https:\/\/taekwondoteyran.fr\/index.php\/le-club\/historique-du-club\/#primaryimage","url":"https:\/\/taekwondoteyran.fr\/wp-content\/uploads\/2023\/05\/cropped-logo-TKD.jpg","contentUrl":"https:\/\/taekwondoteyran.fr\/wp-content\/uploads\/2023\/05\/cropped-logo-TKD.jpg","width":960,"height":960,"caption":"Logo du club"},{"@type":"BreadcrumbList","@id":"https:\/\/taekwondoteyran.fr\/index.php\/le-club\/historique-du-club\/#breadcrumb","itemListElement":[{"@type":"ListItem","position":1,"name":"Accueil","item":"https:\/\/taekwondoteyran.fr\/"},{"@type":"ListItem","position":2,"name":"Le club","item":"https:\/\/taekwondoteyran.fr\/index.php\/le-club\/"},{"@type":"ListItem","position":3,"name":"Historique du club"}]},{"@type":"WebSite","@id":"https:\/\/taekwondoteyran.fr\/#website","url":"https:\/\/taekwondoteyran.fr\/","name":"Taekwondo Teyran","description":"\u00c9duquer, Partager, Motiver","publisher":{"@id":"https:\/\/taekwondoteyran.fr\/#organization"},"alternateName":"TKD Teyran","potentialAction":[{"@type":"SearchAction","target":{"@type":"EntryPoint","urlTemplate":"https:\/\/taekwondoteyran.fr\/?s={search_term_string}"},"query-input":{"@type":"PropertyValueSpecification","valueRequired":true,"valueName":"search_term_string"}}],"inLanguage":"fr-FR"},{"@type":"Organization","@id":"https:\/\/taekwondoteyran.fr\/#organization","name":"Taekwondo Teyran","alternateName":"TKD Teyran","url":"https:\/\/taekwondoteyran.fr\/","logo":{"@type":"ImageObject","inLanguage":"fr-FR","@id":"https:\/\/taekwondoteyran.fr\/#\/schema\/logo\/image\/","url":"https:\/\/taekwondoteyran.fr\/wp-content\/uploads\/2023\/05\/logo-TKD.jpg","contentUrl":"https:\/\/taekwondoteyran.fr\/wp-content\/uploads\/2023\/05\/logo-TKD.jpg","width":960,"height":960,"caption":"Taekwondo Teyran"},"image":{"@id":"https:\/\/taekwondoteyran.fr\/#\/schema\/logo\/image\/"},"sameAs":["https:\/\/www.facebook.com\/taekwondoteyran","https:\/\/x.com\/taekwondoteyran"]}]}},"_links":{"self":[{"href":"https:\/\/taekwondoteyran.fr\/index.php\/wp-json\/wp\/v2\/pages\/239","targetHints":{"allow":["GET"]}}],"collection":[{"href":"https:\/\/taekwondoteyran.fr\/index.php\/wp-json\/wp\/v2\/pages"}],"about":[{"href":"https:\/\/taekwondoteyran.fr\/index.php\/wp-json\/wp\/v2\/types\/page"}],"author":[{"embeddable":true,"href":"https:\/\/taekwondoteyran.fr\/index.php\/wp-json\/wp\/v2\/users\/1"}],"replies":[{"embeddable":true,"href":"https:\/\/taekwondoteyran.fr\/index.php\/wp-json\/wp\/v2\/comments?post=239"}],"version-history":[{"count":16,"href":"https:\/\/taekwondoteyran.fr\/index.php\/wp-json\/wp\/v2\/pages\/239\/revisions"}],"predecessor-version":[{"id":910,"href":"https:\/\/taekwondoteyran.fr\/index.php\/wp-json\/wp\/v2\/pages\/239\/revisions\/910"}],"up":[{"embeddable":true,"href":"https:\/\/taekwondoteyran.fr\/index.php\/wp-json\/wp\/v2\/pages\/236"}],"wp:featuredmedia":[{"embeddable":true,"href":"https:\/\/taekwondoteyran.fr\/index.php\/wp-json\/wp\/v2\/media\/296"}],"wp:attachment":[{"href":"https:\/\/taekwondoteyran.fr\/index.php\/wp-json\/wp\/v2\/media?parent=239"}],"curies":[{"name":"wp","href":"https:\/\/api.w.org\/{rel}","templated":true}]}}