{"id":1739,"date":"2025-06-29T18:13:29","date_gmt":"2025-06-29T16:13:29","guid":{"rendered":"https:\/\/taekwondoteyran.fr\/?page_id=1739"},"modified":"2025-09-08T21:35:04","modified_gmt":"2025-09-08T19:35:04","slug":"fiche-inscription-2025-2026","status":"publish","type":"page","link":"https:\/\/taekwondoteyran.fr\/index.php\/fiche-inscription-2025-2026\/","title":{"rendered":"Fiche inscription 2025-2026"},"content":{"rendered":"\n<div data-wp-interactive=\"core\/file\" class=\"wp-block-file\"><object data-wp-bind--hidden=\"!state.hasPdfPreview\" hidden class=\"wp-block-file__embed\" data=\"https:\/\/taekwondoteyran.fr\/wp-content\/uploads\/2025\/09\/Adhesion-TKD.pdf\" type=\"application\/pdf\" style=\"width:100%;height:200px\" aria-label=\"Contenu embarqu\u00e9 Adh\u00e9sion TKD.\"><\/object><a id=\"wp-block-file--media-8696bedd-2470-493a-9a36-53d6e302973e\" href=\"https:\/\/taekwondoteyran.fr\/wp-content\/uploads\/2025\/09\/Adhesion-TKD.pdf\">Adh\u00e9sion TKD<\/a><a href=\"https:\/\/taekwondoteyran.fr\/wp-content\/uploads\/2025\/09\/Adhesion-TKD.pdf\" class=\"wp-block-file__button wp-element-button\" download aria-describedby=\"wp-block-file--media-8696bedd-2470-493a-9a36-53d6e302973e\">T\u00e9l\u00e9charger<\/a><\/div>\n\n\n<div class=\"style-1156 style-local-1739-c1 position-relative\" data-colibri-id=\"1739-c1\">\n<div id=\"initial-content\" class=\"h-section h-section-global-spacing d-flex align-items-lg-center align-items-md-center align-items-center style-1157 style-local-1739-c2 position-relative\" data-colibri-component=\"section\" data-colibri-id=\"1739-c2\">\n<div class=\"h-section-grid-container h-section-boxed-container\">\n<div class=\"h-row-container gutters-row-lg-0 gutters-row-md-0 gutters-row-0 gutters-row-v-lg-0 gutters-row-v-md-0 gutters-row-v-0 style-1166 style-local-1739-c3 position-relative\" data-colibri-id=\"1739-c3\">\n<div class=\"h-row justify-content-lg-center justify-content-md-center justify-content-center align-items-lg-stretch align-items-md-stretch align-items-stretch gutters-col-lg-0 gutters-col-md-0 gutters-col-0 gutters-col-v-lg-0 gutters-col-v-md-0 gutters-col-v-0\">\n<div class=\"h-column h-column-container d-flex h-col-lg-12 h-col-md-12 h-col-12 style-1167-outer style-local-1739-c4-outer\">\n<div class=\"d-flex h-flex-basis h-column__inner h-px-lg-2 h-px-md-2 h-px-2 v-inner-lg-2 v-inner-md-2 v-inner-2 style-1167 style-local-1739-c4 position-relative\" data-colibri-id=\"1739-c4\">\n<div class=\"w-100 h-y-container h-column__content h-column__v-align flex-basis-100 align-self-lg-start align-self-md-start align-self-start\">\n<div class=\"h-text h-text-component style-1169 style-local-1739-c5 position-relative h-element\" data-colibri-id=\"1739-c5\">\n<div class=\"\">\n<p>Cliquez sur le lien ci-dessus pour t\u00e9l\u00e9charger la fiche d&rsquo;inscription.<\/p>\n<p>La fiche d&rsquo;inscription cette ann\u00e9e est disponible en formulaire PDF modifiable et au format papier. Nous vous prions de la t\u00e9l\u00e9charger, la compl\u00e9ter, l&rsquo;imprimer pour ajouter les \u00e9l\u00e9ments non int\u00e9grables directement : photo et signatures sur les 2 pages. La version papier est \u00e0 fournir avec le certificat m\u00e9dical et le r\u00e8glement de l&rsquo;adh\u00e9sion pour la saison. Le format \u00e9lectronique est \u00e0 envoyer (en plus de la version papier) \u00e0 l&rsquo;adresse suivante :\u00a0<\/p>\n<p style=\"text-align: center;\">contact@taekwondoteyran.fr<\/p>\n<\/div>\n<\/div>\n<\/div>\n<\/div>\n<\/div>\n<\/div>\n<\/div>\n<div class=\"h-row-container gutters-row-lg-2 gutters-row-md-2 gutters-row-0 gutters-row-v-lg-2 gutters-row-v-md-2 gutters-row-v-2 style-1171 style-local-1739-c8 position-relative\" data-colibri-id=\"1739-c8\">\n<div class=\"h-row justify-content-lg-center justify-content-md-center justify-content-center align-items-lg-stretch align-items-md-stretch align-items-stretch gutters-col-lg-2 gutters-col-md-2 gutters-col-0 gutters-col-v-lg-2 gutters-col-v-md-2 gutters-col-v-2\">\n<div class=\"h-column h-column-container d-flex h-col-lg h-col-md-auto h-col-auto style-1172-outer style-local-1739-c9-outer\">\n<div class=\"d-flex h-flex-basis h-column__inner h-px-lg-0 h-px-md-0 h-px-0 v-inner-lg-0 v-inner-md-0 v-inner-0 style-1172 style-local-1739-c9 position-relative\" data-colibri-id=\"1739-c9\">\n<div class=\"w-100 h-y-container h-column__content h-column__v-align flex-basis-100 align-self-lg-start align-self-md-start align-self-start\">\n<div class=\"h-text h-text-component style-1175 style-local-1739-c10 position-relative h-element\" data-colibri-id=\"1739-c10\">\n<div class=\"\">\n<p>Pourquoi ces 2 versions ?<\/p>\n<\/div>\n<\/div>\n<div class=\"h-text h-text-component style-1176 style-local-1739-c11 position-relative h-element\" data-colibri-id=\"1739-c11\">\n<div class=\"\">\n<p><span style=\"font-weight: 400; font-size: 16px; font-family: 'Open Sans'; color: #999999;\">La version papier sign\u00e9e est n\u00e9cessaire pour enregistrer les choix de responsabilit\u00e9. La version d\u00e9mat\u00e9rialis\u00e9e acc\u00e9l\u00e8re et fiabilise les diff\u00e9rentes actions r\u00e9alis\u00e9es en d\u00e9but d&rsquo;ann\u00e9e : prise de licence, r\u00e9pertoire des adh\u00e9rents, gestion des droits \u00e0 l&rsquo;image, ajout aux listes Whatsapp des activit\u00e9s.<\/span><\/p>\n<p><span style=\"font-weight: 400; font-size: 16px; font-family: 'Open Sans'; color: #999999;\">L&rsquo;inscription n&rsquo;est ferme qu&rsquo;apr\u00e8s r\u00e9ception du dossier papier complet (fiche d&rsquo;inscription + certificat ou attestation m\u00e9dicaux + r\u00e8glement). Le nombre de s\u00e9ances d&rsquo;essai est limit\u00e9 \u00e0 2, le dossier complet doit \u00eatre fourni au plus tard \u00e0 la troisi\u00e8me s\u00e9ance.<\/span><\/p>\n<\/div>\n<\/div>\n<\/div>\n<\/div>\n<\/div>\n<\/div>\n<\/div>\n<div class=\"h-row-container gutters-row-lg-0 gutters-row-md-0 gutters-row-0 gutters-row-v-lg-0 gutters-row-v-md-0 gutters-row-v-0 style-1179 style-local-1739-c12 position-relative\" data-colibri-id=\"1739-c12\">\n<div class=\"h-row justify-content-lg-center justify-content-md-center justify-content-center align-items-lg-stretch align-items-md-stretch align-items-stretch gutters-col-lg-0 gutters-col-md-0 gutters-col-0 gutters-col-v-lg-0 gutters-col-v-md-0 gutters-col-v-0\">\n<div class=\"h-column h-column-container d-flex h-col-lg h-col-md h-col-auto style-1180-outer style-local-1739-c13-outer\">\n<div class=\"d-flex h-flex-basis h-column__inner h-px-lg-2 h-px-md-2 h-px-2 v-inner-lg-2 v-inner-md-2 v-inner-2 style-1180 style-local-1739-c13 position-relative\" data-colibri-id=\"1739-c13\">\n<div class=\"w-100 h-y-container h-column__content h-column__v-align flex-basis-100 align-self-lg-start align-self-md-start align-self-start\">\n<div class=\"h-text h-text-component style-1182 style-local-1739-c14 position-relative h-element\" data-colibri-id=\"1739-c14\">\n<div class=\"\">\n<p>Qui a acc\u00e8s \u00e0 mes informations ?<\/p>\n<\/div>\n<\/div>\n<div class=\"h-text h-text-component style-1174 style-local-1739-c15 position-relative h-element\" data-colibri-id=\"1739-c15\">\n<div class=\"\">\n<p>\u00a0Soyez rassur\u00e9s, votre fiche ne sort pas du club ! la version d\u00e9mat\u00e9rialis\u00e9e est envoy\u00e9e au Bureau qui a d\u00e9j\u00e0 acc\u00e8s \u00e0 votre fiche papier (mais chacun n&rsquo;a pas besoin d&rsquo;y acc\u00e9der pour les m\u00eames informations) :<\/p>\n<p>S\u00e9verine, Secr\u00e9taire de l&rsquo;Association, vous enregistre aupr\u00e8s de la F\u00e9d\u00e9ration et commande votre licence,<\/p>\n<p>S\u00e9bastien, le Tr\u00e9sorier, s&rsquo;assure du paiement et encaisse les ch\u00e8ques aux dates convenues,<\/p>\n<p>Isidore, le Pr\u00e9sident, rend compte du nombre d&rsquo;adh\u00e9rents aupr\u00e8s de diff\u00e9rents organismes,<\/p>\n<p>Alexandre, enseignant de Taekwondo Hapkimudo, constitue la liste des num\u00e9ros \u00e0 pr\u00e9venir en cas d&rsquo;urgence (il faut pr\u00e9voir le pire et faire en sorte qu&rsquo;il n&rsquo;arrive pas),<\/p>\n<p>Alain, responsable communication, prend en compte vos options de droit \u00e0 l&rsquo;image pour les diff\u00e9rentes publications et vous rajoute aux listes Whatsapp pour mieux vous spammer ensuite&#8230; euh je veux dire pour mieux vous informer.<\/p>\n<p>Et c&rsquo;est tout, c&rsquo;est uniquement pour que le club fonctionne et que vous vous y sentiez bien !<\/p>\n<\/div>\n<\/div>\n<\/div>\n<\/div>\n<\/div>\n<\/div>\n<\/div>\n<\/div>\n<\/div>\n<\/div>","protected":false},"excerpt":{"rendered":"<p>Cliquez sur le lien ci-dessus pour t\u00e9l\u00e9charger la fiche d&rsquo;inscription. La fiche d&rsquo;inscription cette ann\u00e9e est disponible en formulaire PDF modifiable et au format papier. Nous vous prions de la t\u00e9l\u00e9charger, la compl\u00e9ter, l&rsquo;imprimer pour ajouter les \u00e9l\u00e9ments non int\u00e9grables directement : photo et signatures sur les 2 pages. La version papier est \u00e0 fournir [&hellip;]<\/p>\n","protected":false},"author":2,"featured_media":296,"parent":0,"menu_order":0,"comment_status":"closed","ping_status":"closed","template":"page-templates\/full-width-page.php","meta":{"footnotes":""},"class_list":["post-1739","page","type-page","status-publish","has-post-thumbnail","hentry"],"yoast_head":"<!-- This site is optimized with the Yoast SEO plugin v27.4 - https:\/\/yoast.com\/product\/yoast-seo-wordpress\/ -->\n<title>Fiche inscription 2025-2026 - Taekwondo Teyran<\/title>\n<meta name=\"robots\" content=\"index, follow, max-snippet:-1, max-image-preview:large, max-video-preview:-1\" \/>\n<link rel=\"canonical\" href=\"https:\/\/taekwondoteyran.fr\/index.php\/fiche-inscription-2025-2026\/\" \/>\n<meta property=\"og:locale\" content=\"fr_FR\" \/>\n<meta property=\"og:type\" content=\"article\" \/>\n<meta property=\"og:title\" content=\"Fiche inscription 2025-2026 - Taekwondo Teyran\" \/>\n<meta property=\"og:description\" content=\"Cliquez sur le lien ci-dessus pour t\u00e9l\u00e9charger la fiche d&rsquo;inscription. La fiche d&rsquo;inscription cette ann\u00e9e est disponible en formulaire PDF modifiable et au format papier. Nous vous prions de la t\u00e9l\u00e9charger, la compl\u00e9ter, l&rsquo;imprimer pour ajouter les \u00e9l\u00e9ments non int\u00e9grables directement : photo et signatures sur les 2 pages. La version papier est \u00e0 fournir [&hellip;]\" \/>\n<meta property=\"og:url\" content=\"https:\/\/taekwondoteyran.fr\/index.php\/fiche-inscription-2025-2026\/\" \/>\n<meta property=\"og:site_name\" content=\"Taekwondo Teyran\" \/>\n<meta property=\"article:publisher\" content=\"https:\/\/www.facebook.com\/taekwondoteyran\" \/>\n<meta property=\"article:modified_time\" content=\"2025-09-08T19:35:04+00:00\" \/>\n<meta property=\"og:image\" content=\"https:\/\/taekwondoteyran.fr\/wp-content\/uploads\/2023\/08\/Enfants-3-scaled.jpg\" \/>\n\t<meta property=\"og:image:width\" content=\"2560\" \/>\n\t<meta property=\"og:image:height\" content=\"1659\" \/>\n\t<meta property=\"og:image:type\" content=\"image\/jpeg\" \/>\n<meta name=\"twitter:card\" content=\"summary_large_image\" \/>\n<meta name=\"twitter:site\" content=\"@taekwondoteyran\" \/>\n<meta name=\"twitter:label1\" content=\"Dur\u00e9e de lecture estim\u00e9e\" \/>\n\t<meta name=\"twitter:data1\" content=\"2 minutes\" \/>\n<script type=\"application\/ld+json\" class=\"yoast-schema-graph\">{\"@context\":\"https:\\\/\\\/schema.org\",\"@graph\":[{\"@type\":\"WebPage\",\"@id\":\"https:\\\/\\\/taekwondoteyran.fr\\\/index.php\\\/fiche-inscription-2025-2026\\\/\",\"url\":\"https:\\\/\\\/taekwondoteyran.fr\\\/index.php\\\/fiche-inscription-2025-2026\\\/\",\"name\":\"Fiche inscription 2025-2026 - Taekwondo Teyran\",\"isPartOf\":{\"@id\":\"https:\\\/\\\/taekwondoteyran.fr\\\/#website\"},\"primaryImageOfPage\":{\"@id\":\"https:\\\/\\\/taekwondoteyran.fr\\\/index.php\\\/fiche-inscription-2025-2026\\\/#primaryimage\"},\"image\":{\"@id\":\"https:\\\/\\\/taekwondoteyran.fr\\\/index.php\\\/fiche-inscription-2025-2026\\\/#primaryimage\"},\"thumbnailUrl\":\"https:\\\/\\\/taekwondoteyran.fr\\\/wp-content\\\/uploads\\\/2023\\\/05\\\/cropped-logo-TKD.jpg\",\"datePublished\":\"2025-06-29T16:13:29+00:00\",\"dateModified\":\"2025-09-08T19:35:04+00:00\",\"breadcrumb\":{\"@id\":\"https:\\\/\\\/taekwondoteyran.fr\\\/index.php\\\/fiche-inscription-2025-2026\\\/#breadcrumb\"},\"inLanguage\":\"fr-FR\",\"potentialAction\":[{\"@type\":\"ReadAction\",\"target\":[\"https:\\\/\\\/taekwondoteyran.fr\\\/index.php\\\/fiche-inscription-2025-2026\\\/\"]}]},{\"@type\":\"ImageObject\",\"inLanguage\":\"fr-FR\",\"@id\":\"https:\\\/\\\/taekwondoteyran.fr\\\/index.php\\\/fiche-inscription-2025-2026\\\/#primaryimage\",\"url\":\"https:\\\/\\\/taekwondoteyran.fr\\\/wp-content\\\/uploads\\\/2023\\\/05\\\/cropped-logo-TKD.jpg\",\"contentUrl\":\"https:\\\/\\\/taekwondoteyran.fr\\\/wp-content\\\/uploads\\\/2023\\\/05\\\/cropped-logo-TKD.jpg\",\"width\":960,\"height\":960,\"caption\":\"Logo du club\"},{\"@type\":\"BreadcrumbList\",\"@id\":\"https:\\\/\\\/taekwondoteyran.fr\\\/index.php\\\/fiche-inscription-2025-2026\\\/#breadcrumb\",\"itemListElement\":[{\"@type\":\"ListItem\",\"position\":1,\"name\":\"Accueil\",\"item\":\"https:\\\/\\\/taekwondoteyran.fr\\\/\"},{\"@type\":\"ListItem\",\"position\":2,\"name\":\"Fiche inscription 2025-2026\"}]},{\"@type\":\"WebSite\",\"@id\":\"https:\\\/\\\/taekwondoteyran.fr\\\/#website\",\"url\":\"https:\\\/\\\/taekwondoteyran.fr\\\/\",\"name\":\"Taekwondo Teyran\",\"description\":\"\u00c9duquer, Partager, Motiver\",\"publisher\":{\"@id\":\"https:\\\/\\\/taekwondoteyran.fr\\\/#organization\"},\"alternateName\":\"TKD Teyran\",\"potentialAction\":[{\"@type\":\"SearchAction\",\"target\":{\"@type\":\"EntryPoint\",\"urlTemplate\":\"https:\\\/\\\/taekwondoteyran.fr\\\/?s={search_term_string}\"},\"query-input\":{\"@type\":\"PropertyValueSpecification\",\"valueRequired\":true,\"valueName\":\"search_term_string\"}}],\"inLanguage\":\"fr-FR\"},{\"@type\":\"Organization\",\"@id\":\"https:\\\/\\\/taekwondoteyran.fr\\\/#organization\",\"name\":\"Taekwondo Teyran\",\"alternateName\":\"TKD Teyran\",\"url\":\"https:\\\/\\\/taekwondoteyran.fr\\\/\",\"logo\":{\"@type\":\"ImageObject\",\"inLanguage\":\"fr-FR\",\"@id\":\"https:\\\/\\\/taekwondoteyran.fr\\\/#\\\/schema\\\/logo\\\/image\\\/\",\"url\":\"https:\\\/\\\/taekwondoteyran.fr\\\/wp-content\\\/uploads\\\/2023\\\/05\\\/logo-TKD.jpg\",\"contentUrl\":\"https:\\\/\\\/taekwondoteyran.fr\\\/wp-content\\\/uploads\\\/2023\\\/05\\\/logo-TKD.jpg\",\"width\":960,\"height\":960,\"caption\":\"Taekwondo Teyran\"},\"image\":{\"@id\":\"https:\\\/\\\/taekwondoteyran.fr\\\/#\\\/schema\\\/logo\\\/image\\\/\"},\"sameAs\":[\"https:\\\/\\\/www.facebook.com\\\/taekwondoteyran\",\"https:\\\/\\\/x.com\\\/taekwondoteyran\"]}]}<\/script>\n<!-- \/ Yoast SEO plugin. -->","yoast_head_json":{"title":"Fiche inscription 2025-2026 - Taekwondo Teyran","robots":{"index":"index","follow":"follow","max-snippet":"max-snippet:-1","max-image-preview":"max-image-preview:large","max-video-preview":"max-video-preview:-1"},"canonical":"https:\/\/taekwondoteyran.fr\/index.php\/fiche-inscription-2025-2026\/","og_locale":"fr_FR","og_type":"article","og_title":"Fiche inscription 2025-2026 - Taekwondo Teyran","og_description":"Cliquez sur le lien ci-dessus pour t\u00e9l\u00e9charger la fiche d&rsquo;inscription. La fiche d&rsquo;inscription cette ann\u00e9e est disponible en formulaire PDF modifiable et au format papier. Nous vous prions de la t\u00e9l\u00e9charger, la compl\u00e9ter, l&rsquo;imprimer pour ajouter les \u00e9l\u00e9ments non int\u00e9grables directement : photo et signatures sur les 2 pages. La version papier est \u00e0 fournir [&hellip;]","og_url":"https:\/\/taekwondoteyran.fr\/index.php\/fiche-inscription-2025-2026\/","og_site_name":"Taekwondo Teyran","article_publisher":"https:\/\/www.facebook.com\/taekwondoteyran","article_modified_time":"2025-09-08T19:35:04+00:00","og_image":[{"width":2560,"height":1659,"url":"https:\/\/taekwondoteyran.fr\/wp-content\/uploads\/2023\/08\/Enfants-3-scaled.jpg","type":"image\/jpeg"}],"twitter_card":"summary_large_image","twitter_site":"@taekwondoteyran","twitter_misc":{"Dur\u00e9e de lecture estim\u00e9e":"2 minutes"},"schema":{"@context":"https:\/\/schema.org","@graph":[{"@type":"WebPage","@id":"https:\/\/taekwondoteyran.fr\/index.php\/fiche-inscription-2025-2026\/","url":"https:\/\/taekwondoteyran.fr\/index.php\/fiche-inscription-2025-2026\/","name":"Fiche inscription 2025-2026 - Taekwondo Teyran","isPartOf":{"@id":"https:\/\/taekwondoteyran.fr\/#website"},"primaryImageOfPage":{"@id":"https:\/\/taekwondoteyran.fr\/index.php\/fiche-inscription-2025-2026\/#primaryimage"},"image":{"@id":"https:\/\/taekwondoteyran.fr\/index.php\/fiche-inscription-2025-2026\/#primaryimage"},"thumbnailUrl":"https:\/\/taekwondoteyran.fr\/wp-content\/uploads\/2023\/05\/cropped-logo-TKD.jpg","datePublished":"2025-06-29T16:13:29+00:00","dateModified":"2025-09-08T19:35:04+00:00","breadcrumb":{"@id":"https:\/\/taekwondoteyran.fr\/index.php\/fiche-inscription-2025-2026\/#breadcrumb"},"inLanguage":"fr-FR","potentialAction":[{"@type":"ReadAction","target":["https:\/\/taekwondoteyran.fr\/index.php\/fiche-inscription-2025-2026\/"]}]},{"@type":"ImageObject","inLanguage":"fr-FR","@id":"https:\/\/taekwondoteyran.fr\/index.php\/fiche-inscription-2025-2026\/#primaryimage","url":"https:\/\/taekwondoteyran.fr\/wp-content\/uploads\/2023\/05\/cropped-logo-TKD.jpg","contentUrl":"https:\/\/taekwondoteyran.fr\/wp-content\/uploads\/2023\/05\/cropped-logo-TKD.jpg","width":960,"height":960,"caption":"Logo du club"},{"@type":"BreadcrumbList","@id":"https:\/\/taekwondoteyran.fr\/index.php\/fiche-inscription-2025-2026\/#breadcrumb","itemListElement":[{"@type":"ListItem","position":1,"name":"Accueil","item":"https:\/\/taekwondoteyran.fr\/"},{"@type":"ListItem","position":2,"name":"Fiche inscription 2025-2026"}]},{"@type":"WebSite","@id":"https:\/\/taekwondoteyran.fr\/#website","url":"https:\/\/taekwondoteyran.fr\/","name":"Taekwondo Teyran","description":"\u00c9duquer, Partager, Motiver","publisher":{"@id":"https:\/\/taekwondoteyran.fr\/#organization"},"alternateName":"TKD Teyran","potentialAction":[{"@type":"SearchAction","target":{"@type":"EntryPoint","urlTemplate":"https:\/\/taekwondoteyran.fr\/?s={search_term_string}"},"query-input":{"@type":"PropertyValueSpecification","valueRequired":true,"valueName":"search_term_string"}}],"inLanguage":"fr-FR"},{"@type":"Organization","@id":"https:\/\/taekwondoteyran.fr\/#organization","name":"Taekwondo Teyran","alternateName":"TKD Teyran","url":"https:\/\/taekwondoteyran.fr\/","logo":{"@type":"ImageObject","inLanguage":"fr-FR","@id":"https:\/\/taekwondoteyran.fr\/#\/schema\/logo\/image\/","url":"https:\/\/taekwondoteyran.fr\/wp-content\/uploads\/2023\/05\/logo-TKD.jpg","contentUrl":"https:\/\/taekwondoteyran.fr\/wp-content\/uploads\/2023\/05\/logo-TKD.jpg","width":960,"height":960,"caption":"Taekwondo Teyran"},"image":{"@id":"https:\/\/taekwondoteyran.fr\/#\/schema\/logo\/image\/"},"sameAs":["https:\/\/www.facebook.com\/taekwondoteyran","https:\/\/x.com\/taekwondoteyran"]}]}},"_links":{"self":[{"href":"https:\/\/taekwondoteyran.fr\/index.php\/wp-json\/wp\/v2\/pages\/1739","targetHints":{"allow":["GET"]}}],"collection":[{"href":"https:\/\/taekwondoteyran.fr\/index.php\/wp-json\/wp\/v2\/pages"}],"about":[{"href":"https:\/\/taekwondoteyran.fr\/index.php\/wp-json\/wp\/v2\/types\/page"}],"author":[{"embeddable":true,"href":"https:\/\/taekwondoteyran.fr\/index.php\/wp-json\/wp\/v2\/users\/2"}],"replies":[{"embeddable":true,"href":"https:\/\/taekwondoteyran.fr\/index.php\/wp-json\/wp\/v2\/comments?post=1739"}],"version-history":[{"count":19,"href":"https:\/\/taekwondoteyran.fr\/index.php\/wp-json\/wp\/v2\/pages\/1739\/revisions"}],"predecessor-version":[{"id":2075,"href":"https:\/\/taekwondoteyran.fr\/index.php\/wp-json\/wp\/v2\/pages\/1739\/revisions\/2075"}],"wp:featuredmedia":[{"embeddable":true,"href":"https:\/\/taekwondoteyran.fr\/index.php\/wp-json\/wp\/v2\/media\/296"}],"wp:attachment":[{"href":"https:\/\/taekwondoteyran.fr\/index.php\/wp-json\/wp\/v2\/media?parent=1739"}],"curies":[{"name":"wp","href":"https:\/\/api.w.org\/{rel}","templated":true}]}}